{"id":1637,"date":"2025-02-28T19:43:02","date_gmt":"2025-02-28T19:43:02","guid":{"rendered":"https:\/\/scota5.sg-host.com\/?page_id=1637"},"modified":"2025-12-26T14:27:24","modified_gmt":"2025-12-26T14:27:24","slug":"prevencion-de-pornografia-infantil-y-controles-parentales","status":"publish","type":"page","link":"https:\/\/ptpanama.com\/en\/prevencion-de-pornografia-infantil-y-controles-parentales\/","title":{"rendered":"Child pornography prevention and parental controls"},"content":{"rendered":"<div data-elementor-type=\"wp-page\" data-elementor-id=\"1637\" class=\"elementor elementor-1637\" data-elementor-post-type=\"page\">\n\t\t\t\t<div class=\"elementor-element elementor-element-19cf6d13 e-flex e-con-boxed e-con e-parent\" data-id=\"19cf6d13\" data-element_type=\"container\" data-e-type=\"container\" data-settings=\"{&quot;background_background&quot;:&quot;classic&quot;,&quot;jet_parallax_layout_list&quot;:[]}\">\n\t\t\t\t\t<div class=\"e-con-inner\">\n\t\t<div class=\"elementor-element elementor-element-07b66f5 e-con-full e-flex e-con e-child\" data-id=\"07b66f5\" data-element_type=\"container\" data-e-type=\"container\" data-settings=\"{&quot;jet_parallax_layout_list&quot;:[]}\">\n\t\t\t\t<div class=\"elementor-element elementor-element-f44c8c6 elementor-widget elementor-widget-heading\" data-id=\"f44c8c6\" data-element_type=\"widget\" data-e-type=\"widget\" data-widget_type=\"heading.default\">\n\t\t\t\t<div class=\"elementor-widget-container\">\n\t\t\t\t\t<h2 class=\"elementor-heading-title elementor-size-default\">Planet Telecom&#039;s Commitment to Online Safety and Child Protection<\/h2>\t\t\t\t<\/div>\n\t\t\t\t<\/div>\n\t\t\t\t<\/div>\n\t\t\t\t<div class=\"elementor-element elementor-element-37b0df2a elementor-widget elementor-widget-text-editor\" data-id=\"37b0df2a\" data-element_type=\"widget\" data-e-type=\"widget\" data-widget_type=\"text-editor.default\">\n\t\t\t\t<div class=\"elementor-widget-container\">\n\t\t\t\t\t\t\t\t\t<p data-start=\"154\" data-end=\"615\">In <strong data-start=\"157\" data-end=\"175\">Planet Telecom<\/strong>, We understand the importance of providing a safe, reliable, and responsible digital environment for all Panamanian families. Therefore, we are firmly committed to protecting children online, implementing effective measures to prevent child pornography and offering parental control tools that allow parents to monitor, manage, and guide their children&#039;s digital experience.<\/p><h2 data-start=\"617\" data-end=\"657\">Preventing Child Pornography<\/h2><p data-start=\"659\" data-end=\"1093\">Online child exploitation is a serious crime that profoundly affects our society and violates the fundamental rights of children. At Planet Telecom, we work actively and responsibly to prevent this type of crime. In coordination with local and international authorities, we implement mechanisms to detect and block websites, platforms, and content that distribute illegal or inappropriate material.<\/p><p data-start=\"1095\" data-end=\"1358\">Furthermore, we strictly comply with current legal regulations and participate in initiatives that promote the reporting, prevention and eradication of child pornography in the digital environment, thus contributing to a safer Internet for all.<\/p><h2 data-start=\"1360\" data-end=\"1395\">Parental Control Tools<\/h2><p data-start=\"1397\" data-end=\"1651\">With the aim of supporting parents and caregivers in protecting their children while browsing the Internet, we offer parental control solutions designed to adapt to the needs of each household, including:<\/p><ul data-start=\"1653\" data-end=\"2102\"><li data-start=\"1653\" data-end=\"1799\"><p data-start=\"1655\" data-end=\"1799\"><strong data-start=\"1655\" data-end=\"1680\">Content filters:<\/strong> They allow restricting access to websites with inappropriate or unwanted content, according to the child&#039;s age and profile.<\/p><\/li><li data-start=\"1800\" data-end=\"1951\"><p data-start=\"1802\" data-end=\"1951\"><strong data-start=\"1802\" data-end=\"1829\">Activity monitoring:<\/strong> It facilitates the monitoring of online activities, including browsing, use of applications and social networks.<\/p><\/li><li data-start=\"1952\" data-end=\"2102\"><p data-start=\"1954\" data-end=\"2102\"><strong data-start=\"1954\" data-end=\"1981\">Navigation times:<\/strong> It allows you to set time limits for internet use, promoting healthy and balanced digital habits.<\/p><\/li><\/ul><p data-start=\"2104\" data-end=\"2253\">These tools are easy to install and set up, and offer parents greater control and peace of mind over internet use at home.<\/p><h2 data-start=\"2255\" data-end=\"2284\">Education and Awareness<\/h2><p data-start=\"2286\" data-end=\"2721\">We firmly believe that education and awareness are fundamental pillars for preventing online risks. Therefore, we provide informational resources, guides, and recommendations for both parents and children, promoting safe, responsible, and conscious internet use. We encourage open dialogue within families about potential digital risks and best practices for staying protected.<\/p><p data-start=\"2723\" data-end=\"3090\" data-is-last-node=\"\" data-is-only-node=\"\">In <strong data-start=\"2726\" data-end=\"2744\">Planet Telecom<\/strong>, Our priority is to ensure a safe, reliable, and high-quality online experience for all our users. If you have any questions or need assistance related to our security and parental control tools, please feel free to contact us at <strong data-start=\"3015\" data-end=\"3027\">700.0555<\/strong> or write to us through <strong data-start=\"3054\" data-end=\"3066\">WhatsApp<\/strong>. We are here to help you.<\/p><p data-start=\"2676\" data-end=\"2884\">\u00a0<\/p>\t\t\t\t\t\t\t\t<\/div>\n\t\t\t\t<\/div>\n\t\t\t\t\t<\/div>\n\t\t\t\t<\/div>\n\t\t\t\t<\/div>","protected":false},"excerpt":{"rendered":"<p>Compromiso de Planet Telecom con la Seguridad en L\u00ednea y la Protecci\u00f3n Infantil En Planet Telecom, comprendemos la importancia de brindar un entorno digital seguro, confiable y responsable para todas las familias paname\u00f1as. Por ello, asumimos un firme compromiso con la protecci\u00f3n de los menores en Internet, implementando medidas efectivas orientadas a la prevenci\u00f3n de [&hellip;]<\/p>\n","protected":false},"author":2,"featured_media":0,"parent":0,"menu_order":0,"comment_status":"closed","ping_status":"closed","template":"elementor_header_footer","meta":{"footnotes":""},"class_list":["post-1637","page","type-page","status-publish","hentry"],"_links":{"self":[{"href":"https:\/\/ptpanama.com\/en\/wp-json\/wp\/v2\/pages\/1637","targetHints":{"allow":["GET"]}}],"collection":[{"href":"https:\/\/ptpanama.com\/en\/wp-json\/wp\/v2\/pages"}],"about":[{"href":"https:\/\/ptpanama.com\/en\/wp-json\/wp\/v2\/types\/page"}],"author":[{"embeddable":true,"href":"https:\/\/ptpanama.com\/en\/wp-json\/wp\/v2\/users\/2"}],"replies":[{"embeddable":true,"href":"https:\/\/ptpanama.com\/en\/wp-json\/wp\/v2\/comments?post=1637"}],"version-history":[{"count":15,"href":"https:\/\/ptpanama.com\/en\/wp-json\/wp\/v2\/pages\/1637\/revisions"}],"predecessor-version":[{"id":2443,"href":"https:\/\/ptpanama.com\/en\/wp-json\/wp\/v2\/pages\/1637\/revisions\/2443"}],"wp:attachment":[{"href":"https:\/\/ptpanama.com\/en\/wp-json\/wp\/v2\/media?parent=1637"}],"curies":[{"name":"wp","href":"https:\/\/api.w.org\/{rel}","templated":true}]}}